{"id":818,"date":"2025-05-15T11:44:12","date_gmt":"2025-05-15T11:44:12","guid":{"rendered":"https:\/\/backificio.9up.digital\/prodotto\/pane-multicereali-680\/"},"modified":"2025-10-07T22:04:01","modified_gmt":"2025-10-07T22:04:01","slug":"mehrkornbrot","status":"publish","type":"product","link":"https:\/\/backificio.com\/de\/prodotto\/mehrkornbrot\/","title":{"rendered":"Mehrkornbrot"},"content":{"rendered":"<p>Handwerklich hergestelltes Brot aus ausgew\u00e4hlten Mehlsorten und nat\u00fcrlichem Sauerteig f\u00fcr ein authentisches Genusserlebnis, das nach Tradition schmeckt. Im Backificio verbinden wir die Tradition der S\u00fcdtiroler B\u00e4ckerkunst mit der Kreativit\u00e4t neuer Rezepte. Von rustikalen Broten bis hin zu Gourmet-Br\u00f6tchen \u2013 jedes Produkt ist darauf ausgelegt, authentische und originelle Aromen zur Geltung zu bringen.<\/p>\n<p>Das Produkt unterliegt einem nat\u00fcrlichen Gewichtsverlust.<\/p>\n","protected":false},"excerpt":{"rendered":"<p>Mehrkornbrot, angereichert mit einer ausgew\u00e4hlten Mischung aus f\u00fcnf Getreidesorten und Samen, gekennzeichnet durch eine dunkle Krume und einen intensiven, reichhaltigen Geschmack. Ideal f\u00fcr alle, die authentische und nahrhafte Aromen lieben.<\/p>\n","protected":false},"featured_media":493,"template":"","meta":{"_acf_changed":false,"inline_featured_image":false},"product_brand":[],"product_cat":[40],"product_tag":[],"class_list":{"0":"post-818","1":"product","2":"type-product","3":"status-publish","4":"has-post-thumbnail","6":"product_cat-brot","8":"first","9":"instock","10":"shipping-taxable","11":"purchasable","12":"product-type-simple"},"acf":[],"_links":{"self":[{"href":"https:\/\/backificio.com\/de\/wp-json\/wp\/v2\/product\/818","targetHints":{"allow":["GET"]}}],"collection":[{"href":"https:\/\/backificio.com\/de\/wp-json\/wp\/v2\/product"}],"about":[{"href":"https:\/\/backificio.com\/de\/wp-json\/wp\/v2\/types\/product"}],"wp:featuredmedia":[{"embeddable":true,"href":"https:\/\/backificio.com\/de\/wp-json\/wp\/v2\/media\/493"}],"wp:attachment":[{"href":"https:\/\/backificio.com\/de\/wp-json\/wp\/v2\/media?parent=818"}],"wp:term":[{"taxonomy":"product_brand","embeddable":true,"href":"https:\/\/backificio.com\/de\/wp-json\/wp\/v2\/product_brand?post=818"},{"taxonomy":"product_cat","embeddable":true,"href":"https:\/\/backificio.com\/de\/wp-json\/wp\/v2\/product_cat?post=818"},{"taxonomy":"product_tag","embeddable":true,"href":"https:\/\/backificio.com\/de\/wp-json\/wp\/v2\/product_tag?post=818"}],"curies":[{"name":"wp","href":"https:\/\/api.w.org\/{rel}","templated":true}]}}