{"id":773,"date":"2025-05-16T10:05:02","date_gmt":"2025-05-16T10:05:02","guid":{"rendered":"https:\/\/backificio.9up.digital\/prodotto\/croissant-albicocca\/"},"modified":"2025-10-07T21:40:32","modified_gmt":"2025-10-07T21:40:32","slug":"aprikosen-croissant","status":"publish","type":"product","link":"https:\/\/backificio.com\/de\/prodotto\/aprikosen-croissant\/","title":{"rendered":"Aprikosen-Croissant"},"content":{"rendered":"<p>Unsere k\u00f6stlichen Croissants mit 100 % Butter sind au\u00dfen perfekt knusprig und innen himmlisch weich. Sie eignen sich sowohl zum Fr\u00fchst\u00fcck als auch f\u00fcr eine s\u00fc\u00dfe Pause. Sorgf\u00e4ltig handwerklich hergestellt, bieten sie ein authentisches Geschmackserlebnis und eine unwiderstehliche Konsistenz.<\/p>\n","protected":false},"excerpt":{"rendered":"<p>Buttercroissant gef\u00fcllt mit 130% konzentrierter Aprikosenkonfit\u00fcre. S\u00fc\u00df, duftend und authentisch.<\/p>\n","protected":false},"featured_media":499,"template":"","meta":{"_acf_changed":false,"inline_featured_image":false},"product_brand":[],"product_cat":[39],"product_tag":[],"class_list":{"0":"post-773","1":"product","2":"type-product","3":"status-publish","4":"has-post-thumbnail","6":"product_cat-fruehstueck","8":"first","9":"instock","10":"shipping-taxable","11":"purchasable","12":"product-type-simple"},"acf":[],"_links":{"self":[{"href":"https:\/\/backificio.com\/de\/wp-json\/wp\/v2\/product\/773","targetHints":{"allow":["GET"]}}],"collection":[{"href":"https:\/\/backificio.com\/de\/wp-json\/wp\/v2\/product"}],"about":[{"href":"https:\/\/backificio.com\/de\/wp-json\/wp\/v2\/types\/product"}],"wp:featuredmedia":[{"embeddable":true,"href":"https:\/\/backificio.com\/de\/wp-json\/wp\/v2\/media\/499"}],"wp:attachment":[{"href":"https:\/\/backificio.com\/de\/wp-json\/wp\/v2\/media?parent=773"}],"wp:term":[{"taxonomy":"product_brand","embeddable":true,"href":"https:\/\/backificio.com\/de\/wp-json\/wp\/v2\/product_brand?post=773"},{"taxonomy":"product_cat","embeddable":true,"href":"https:\/\/backificio.com\/de\/wp-json\/wp\/v2\/product_cat?post=773"},{"taxonomy":"product_tag","embeddable":true,"href":"https:\/\/backificio.com\/de\/wp-json\/wp\/v2\/product_tag?post=773"}],"curies":[{"name":"wp","href":"https:\/\/api.w.org\/{rel}","templated":true}]}}