{"id":771,"date":"2025-05-16T10:05:28","date_gmt":"2025-05-16T10:05:28","guid":{"rendered":"https:\/\/backificio.9up.digital\/prodotto\/pain-au-chocolat\/"},"modified":"2025-10-07T21:39:35","modified_gmt":"2025-10-07T21:39:35","slug":"pain-au-chocolat","status":"publish","type":"product","link":"https:\/\/backificio.com\/de\/prodotto\/pain-au-chocolat\/","title":{"rendered":"Pain au Chocolat"},"content":{"rendered":"<p>Klassisches franz\u00f6sisches Bl\u00e4tterteiggeb\u00e4ck, verfeinert mit dunklen Schokoriegeln, duftend und lecker. Ideal zum Fr\u00fchst\u00fcck oder f\u00fcr eine s\u00fc\u00dfe Pause mit authentischem Geschmack.<\/p>\n","protected":false},"excerpt":{"rendered":"<p>Klassisches franz\u00f6sisches Bl\u00e4tterteiggeb\u00e4ck mit Riegeln aus Zartbitterschokolade. Perfekt zum Fr\u00fchst\u00fcck oder f\u00fcr eine genussvolle Pause.<\/p>\n","protected":false},"featured_media":502,"template":"","meta":{"_acf_changed":false,"inline_featured_image":false},"product_brand":[],"product_cat":[39],"product_tag":[],"class_list":{"0":"post-771","1":"product","2":"type-product","3":"status-publish","4":"has-post-thumbnail","6":"product_cat-fruehstueck","8":"first","9":"instock","10":"shipping-taxable","11":"purchasable","12":"product-type-simple"},"acf":[],"_links":{"self":[{"href":"https:\/\/backificio.com\/de\/wp-json\/wp\/v2\/product\/771","targetHints":{"allow":["GET"]}}],"collection":[{"href":"https:\/\/backificio.com\/de\/wp-json\/wp\/v2\/product"}],"about":[{"href":"https:\/\/backificio.com\/de\/wp-json\/wp\/v2\/types\/product"}],"wp:featuredmedia":[{"embeddable":true,"href":"https:\/\/backificio.com\/de\/wp-json\/wp\/v2\/media\/502"}],"wp:attachment":[{"href":"https:\/\/backificio.com\/de\/wp-json\/wp\/v2\/media?parent=771"}],"wp:term":[{"taxonomy":"product_brand","embeddable":true,"href":"https:\/\/backificio.com\/de\/wp-json\/wp\/v2\/product_brand?post=771"},{"taxonomy":"product_cat","embeddable":true,"href":"https:\/\/backificio.com\/de\/wp-json\/wp\/v2\/product_cat?post=771"},{"taxonomy":"product_tag","embeddable":true,"href":"https:\/\/backificio.com\/de\/wp-json\/wp\/v2\/product_tag?post=771"}],"curies":[{"name":"wp","href":"https:\/\/api.w.org\/{rel}","templated":true}]}}