{"id":767,"date":"2025-05-16T10:08:34","date_gmt":"2025-05-16T10:08:34","guid":{"rendered":"https:\/\/backificio.9up.digital\/prodotto\/girella-cannella\/"},"modified":"2025-10-07T21:37:44","modified_gmt":"2025-10-07T21:37:44","slug":"zimtschnecke","status":"publish","type":"product","link":"https:\/\/backificio.com\/de\/prodotto\/zimtschnecke\/","title":{"rendered":"Zimtschnecke"},"content":{"rendered":"<p>Aufgerollter Croissant-Teig mit einer reichhaltigen Zimtf\u00fcllung, die schon beim ersten Bissen einen umh\u00fcllenden, w\u00fcrzigen Charakter entfaltet. Weich, duftend und intensiv \u2013 die perfekte Wahl f\u00fcr alle, die S\u00fc\u00dfes mit ausgepr\u00e4gten und warmen Geschmacksnoten lieben.<\/p>\n","protected":false},"excerpt":{"rendered":"<p>Aufgerollter Croissant-Teig mit Zimtf\u00fcllung. Eine Geschmacksexplosion aus w\u00fcrzigen Aromen und S\u00fc\u00dfe.<\/p>\n","protected":false},"featured_media":511,"template":"","meta":{"_acf_changed":false,"inline_featured_image":false},"product_brand":[],"product_cat":[39],"product_tag":[],"class_list":{"0":"post-767","1":"product","2":"type-product","3":"status-publish","4":"has-post-thumbnail","6":"product_cat-fruehstueck","8":"first","9":"instock","10":"shipping-taxable","11":"purchasable","12":"product-type-simple"},"acf":[],"_links":{"self":[{"href":"https:\/\/backificio.com\/de\/wp-json\/wp\/v2\/product\/767","targetHints":{"allow":["GET"]}}],"collection":[{"href":"https:\/\/backificio.com\/de\/wp-json\/wp\/v2\/product"}],"about":[{"href":"https:\/\/backificio.com\/de\/wp-json\/wp\/v2\/types\/product"}],"wp:featuredmedia":[{"embeddable":true,"href":"https:\/\/backificio.com\/de\/wp-json\/wp\/v2\/media\/511"}],"wp:attachment":[{"href":"https:\/\/backificio.com\/de\/wp-json\/wp\/v2\/media?parent=767"}],"wp:term":[{"taxonomy":"product_brand","embeddable":true,"href":"https:\/\/backificio.com\/de\/wp-json\/wp\/v2\/product_brand?post=767"},{"taxonomy":"product_cat","embeddable":true,"href":"https:\/\/backificio.com\/de\/wp-json\/wp\/v2\/product_cat?post=767"},{"taxonomy":"product_tag","embeddable":true,"href":"https:\/\/backificio.com\/de\/wp-json\/wp\/v2\/product_tag?post=767"}],"curies":[{"name":"wp","href":"https:\/\/api.w.org\/{rel}","templated":true}]}}