{"id":765,"date":"2025-05-16T10:09:45","date_gmt":"2025-05-16T10:09:45","guid":{"rendered":"https:\/\/backificio.9up.digital\/prodotto\/cubo\/"},"modified":"2025-11-14T15:33:42","modified_gmt":"2025-11-14T15:33:42","slug":"cubo","status":"publish","type":"product","link":"https:\/\/backificio.com\/de\/prodotto\/cubo\/","title":{"rendered":"CUBO"},"content":{"rendered":"<p>Croissant-Teig in origineller W\u00fcrfelform, angereichert mit einer doppelten F\u00fcllung f\u00fcr ein unvergessliches Geschmackserlebnis. M\u00fcrbe, elegant und optisch eindrucksvoll \u2013 perfekt f\u00fcr alle, die ein innovatives Geb\u00e4ck suchen, ohne dabei auf Geschmack zu verzichten.<\/p>\n","protected":false},"excerpt":{"rendered":"<p>Croissant-Teig in moderner W\u00fcrfelform, doppelt gef\u00fcllt und besonders m\u00fcrbe. Elegant und verf\u00fchrerisch.<\/p>\n","protected":false},"featured_media":508,"template":"","meta":{"_acf_changed":false,"inline_featured_image":false},"product_brand":[],"product_cat":[39],"product_tag":[],"class_list":{"0":"post-765","1":"product","2":"type-product","3":"status-publish","4":"has-post-thumbnail","6":"product_cat-fruehstueck","8":"first","9":"instock","10":"shipping-taxable","11":"purchasable","12":"product-type-simple"},"acf":[],"_links":{"self":[{"href":"https:\/\/backificio.com\/de\/wp-json\/wp\/v2\/product\/765","targetHints":{"allow":["GET"]}}],"collection":[{"href":"https:\/\/backificio.com\/de\/wp-json\/wp\/v2\/product"}],"about":[{"href":"https:\/\/backificio.com\/de\/wp-json\/wp\/v2\/types\/product"}],"wp:featuredmedia":[{"embeddable":true,"href":"https:\/\/backificio.com\/de\/wp-json\/wp\/v2\/media\/508"}],"wp:attachment":[{"href":"https:\/\/backificio.com\/de\/wp-json\/wp\/v2\/media?parent=765"}],"wp:term":[{"taxonomy":"product_brand","embeddable":true,"href":"https:\/\/backificio.com\/de\/wp-json\/wp\/v2\/product_brand?post=765"},{"taxonomy":"product_cat","embeddable":true,"href":"https:\/\/backificio.com\/de\/wp-json\/wp\/v2\/product_cat?post=765"},{"taxonomy":"product_tag","embeddable":true,"href":"https:\/\/backificio.com\/de\/wp-json\/wp\/v2\/product_tag?post=765"}],"curies":[{"name":"wp","href":"https:\/\/api.w.org\/{rel}","templated":true}]}}