{"id":685,"date":"2025-08-18T19:02:55","date_gmt":"2025-08-18T19:02:55","guid":{"rendered":"https:\/\/backificio.9up.digital\/termini-e-condizioni\/"},"modified":"2025-10-02T10:09:16","modified_gmt":"2025-10-02T10:09:16","slug":"allgemeine-geschaeftsbedingungen","status":"publish","type":"page","link":"https:\/\/backificio.com\/de\/allgemeine-geschaeftsbedingungen\/","title":{"rendered":"Allgemeine Gesch\u00e4ftsbedingungen"},"content":{"rendered":"[vc_row type=&#8220;full_width_background&#8220; full_screen_row_position=&#8220;middle&#8220; column_margin=&#8220;default&#8220; column_direction=&#8220;default&#8220; column_direction_tablet=&#8220;default&#8220; column_direction_phone=&#8220;default&#8220; bg_image=&#8220;264&#8243; bg_position=&#8220;center center&#8220; background_image_loading=&#8220;skip-lazy-load&#8220; bg_repeat=&#8220;no-repeat&#8220; full_height=&#8220;yes&#8220; columns_placement=&#8220;bottom&#8220; scene_position=&#8220;center&#8220; text_color=&#8220;light&#8220; text_align=&#8220;left&#8220; row_border_radius=&#8220;none&#8220; row_border_radius_applies=&#8220;bg&#8220; overflow=&#8220;visible&#8220; advanced_gradient=&#8220;linear-gradient(0deg, rgb(0,0,0) 0%, rgba(0,0,0,252) 0%, rgba(0,0,0,0) 43%)&#8220; shape_divider_position=&#8220;bottom&#8220; bg_image_animation=&#8220;zoom-out&#8220; mobile_disable_bg_image_animation=&#8220;true&#8220; parallax_bg=&#8220;true&#8220; parallax_bg_speed=&#8220;medium_fast&#8220; gradient_type=&#8220;advanced&#8220; shape_type=&#8220;&#8220; advanced_gradient_display_type=&#8220;linear&#8220;][vc_column bottom_padding_desktop=&#8220;40px&#8220; column_element_direction_desktop=&#8220;default&#8220; column_element_spacing=&#8220;default&#8220; desktop_text_alignment=&#8220;default&#8220; tablet_text_alignment=&#8220;default&#8220; phone_text_alignment=&#8220;default&#8220; background_color_opacity=&#8220;1&#8243; background_hover_color_opacity=&#8220;1&#8243; column_backdrop_filter=&#8220;none&#8220; column_shadow=&#8220;none&#8220; column_border_radius=&#8220;none&#8220; column_link_target=&#8220;_self&#8220; column_position=&#8220;default&#8220; gradient_direction=&#8220;left_to_right&#8220; overlay_strength=&#8220;0.3&#8243; width=&#8220;1\/1&#8243; tablet_width_inherit=&#8220;default&#8220; animation_type=&#8220;default&#8220; bg_image_animation=&#8220;none&#8220; border_type=&#8220;simple&#8220; column_border_width=&#8220;none&#8220; column_border_style=&#8220;solid&#8220; column_padding_type=&#8220;advanced&#8220; gradient_type=&#8220;default&#8220;][vc_row_inner equal_height=&#8220;yes&#8220; content_placement=&#8220;bottom&#8220; column_margin=&#8220;10px&#8220; column_direction=&#8220;default&#8220; column_direction_tablet=&#8220;default&#8220; column_direction_phone=&#8220;default&#8220; text_align=&#8220;left&#8220; row_position=&#8220;default&#8220; row_position_tablet=&#8220;inherit&#8220; row_position_phone=&#8220;inherit&#8220; overflow=&#8220;visible&#8220; pointer_events=&#8220;all&#8220;][vc_column_inner right_padding_desktop=&#8220;15%&#8220; right_padding_tablet=&#8220;50%&#8220; right_padding_phone=&#8220;15%&#8220; column_element_direction_desktop=&#8220;default&#8220; column_element_spacing=&#8220;default&#8220; desktop_text_alignment=&#8220;default&#8220; tablet_text_alignment=&#8220;default&#8220; phone_text_alignment=&#8220;default&#8220; background_color_opacity=&#8220;1&#8243; background_hover_color_opacity=&#8220;1&#8243; column_backdrop_filter=&#8220;none&#8220; column_shadow=&#8220;none&#8220; column_border_radius=&#8220;none&#8220; column_link_target=&#8220;_self&#8220; overflow=&#8220;visible&#8220; gradient_direction=&#8220;left_to_right&#8220; overlay_strength=&#8220;0.3&#8243; width=&#8220;1\/2&#8243; tablet_width_inherit=&#8220;default&#8220; animation_type=&#8220;default&#8220; bg_image_animation=&#8220;none&#8220; border_type=&#8220;simple&#8220; column_border_width=&#8220;none&#8220; column_border_style=&#8220;solid&#8220; column_padding_type=&#8220;advanced&#8220; gradient_type=&#8220;default&#8220;][split_line_heading animation_type=&#8220;line-reveal-by-space&#8220; font_style=&#8220;h1&#8243; font_size_max=&#8220;108px&#8220; line_reveal_by_space_text_effect=&#8220;letter-reveal-bottom&#8220; stagger_animation=&#8220;true&#8220; content_alignment=&#8220;default&#8220; mobile_content_alignment=&#8220;inherit&#8220; link_target=&#8220;_self&#8220; text_content=&#8220;Allgemeine Gesch\u00e4ftsbedingungen&#8220; text_direction=&#8220;default&#8220; font_size=&#8220;6vw&#8220; font_line_height=&#8220;1.3&#8243; font_size_tablet=&#8220;10vw&#8220; font_size_phone=&#8220;12vw&#8220;][\/split_line_heading][\/vc_column_inner][vc_column_inner left_padding_desktop=&#8220;30%&#8220; left_padding_tablet=&#8220;0&#8243; right_padding_tablet=&#8220;30%&#8220; right_padding_phone=&#8220;0&#8243; column_element_direction_desktop=&#8220;default&#8220; column_element_spacing=&#8220;default&#8220; desktop_text_alignment=&#8220;default&#8220; tablet_text_alignment=&#8220;default&#8220; phone_text_alignment=&#8220;default&#8220; background_color_opacity=&#8220;1&#8243; background_hover_color_opacity=&#8220;1&#8243; column_backdrop_filter=&#8220;none&#8220; column_shadow=&#8220;none&#8220; column_border_radius=&#8220;none&#8220; column_link_target=&#8220;_self&#8220; overflow=&#8220;visible&#8220; gradient_direction=&#8220;left_to_right&#8220; overlay_strength=&#8220;0.3&#8243; width=&#8220;1\/3&#8243; tablet_width_inherit=&#8220;default&#8220; animation_type=&#8220;default&#8220; enable_animation=&#8220;true&#8220; animation=&#8220;fade-in&#8220; animation_easing=&#8220;default&#8220; bg_image_animation=&#8220;none&#8220; border_type=&#8220;simple&#8220; column_border_width=&#8220;none&#8220; column_border_style=&#8220;solid&#8220; column_padding_type=&#8220;advanced&#8220; gradient_type=&#8220;default&#8220; delay=&#8220;300&#8243; offset=&#8220;vc_col-xs-9&#8243;][\/vc_column_inner][vc_column_inner column_padding=&#8220;no-extra-padding&#8220; column_padding_tablet=&#8220;inherit&#8220; column_padding_phone=&#8220;inherit&#8220; column_padding_position=&#8220;all&#8220; column_element_direction_desktop=&#8220;default&#8220; column_element_spacing=&#8220;default&#8220; desktop_text_alignment=&#8220;right&#8220; tablet_text_alignment=&#8220;default&#8220; phone_text_alignment=&#8220;default&#8220; background_color_opacity=&#8220;1&#8243; background_hover_color_opacity=&#8220;1&#8243; column_backdrop_filter=&#8220;none&#8220; column_shadow=&#8220;none&#8220; column_border_radius=&#8220;none&#8220; column_link_target=&#8220;_self&#8220; overflow=&#8220;visible&#8220; gradient_direction=&#8220;left_to_right&#8220; overlay_strength=&#8220;0.3&#8243; width=&#8220;1\/6&#8243; tablet_width_inherit=&#8220;default&#8220; animation_type=&#8220;default&#8220; enable_animation=&#8220;true&#8220; animation=&#8220;fade-in&#8220; animation_easing=&#8220;default&#8220; bg_image_animation=&#8220;none&#8220; border_type=&#8220;simple&#8220; column_border_width=&#8220;none&#8220; column_border_style=&#8220;solid&#8220; column_padding_type=&#8220;default&#8220; gradient_type=&#8220;default&#8220; delay=&#8220;500&#8243; offset=&#8220;vc_col-xs-3&#8243;][nectar_cta btn_style=&#8220;next-section&#8220; btn_type=&#8220;minimal-arrow&#8220; alignment=&#8220;right&#8220; alignment_tablet=&#8220;right&#8220; alignment_phone=&#8220;default&#8220; display_tablet=&#8220;inherit&#8220; display_phone=&#8220;inherit&#8220;][\/vc_column_inner][\/vc_row_inner][\/vc_column][\/vc_row][vc_row type=&#8220;full_width_background&#8220; full_screen_row_position=&#8220;middle&#8220; column_margin=&#8220;custom&#8220; column_direction=&#8220;default&#8220; column_direction_tablet=&#8220;default&#8220; column_direction_phone=&#8220;default&#8220; bg_color=&#8220;#FFFFFF&#8220; scene_position=&#8220;center&#8220; top_padding=&#8220;8%&#8220; constrain_group_1=&#8220;yes&#8220; bottom_padding=&#8220;8%&#8220; left_padding_desktop=&#8220;10%&#8220; constrain_group_2=&#8220;yes&#8220; right_padding_desktop=&#8220;10%&#8220; top_padding_tablet=&#8220;15&#8243; top_padding_phone=&#8220;20%&#8220; constrain_group_5=&#8220;yes&#8220; bottom_padding_phone=&#8220;20%&#8220; text_color=&#8220;dark&#8220; text_align=&#8220;left&#8220; row_border_radius=&#8220;none&#8220; row_border_radius_applies=&#8220;bg&#8220; overflow=&#8220;visible&#8220; advanced_gradient_angle=&#8220;0&#8243; overlay_strength=&#8220;0.3&#8243; gradient_direction=&#8220;left_to_right&#8220; shape_divider_position=&#8220;bottom&#8220; bg_image_animation=&#8220;none&#8220; gradient_type=&#8220;default&#8220; shape_type=&#8220;&#8220;][vc_column column_element_direction_desktop=&#8220;default&#8220; column_element_spacing=&#8220;0px&#8220; desktop_text_alignment=&#8220;default&#8220; tablet_text_alignment=&#8220;default&#8220; phone_text_alignment=&#8220;default&#8220; background_color_opacity=&#8220;1&#8243; background_hover_color_opacity=&#8220;1&#8243; column_backdrop_filter=&#8220;none&#8220; column_shadow=&#8220;none&#8220; column_border_radius=&#8220;none&#8220; column_link_target=&#8220;_self&#8220; column_position=&#8220;default&#8220; advanced_gradient_angle=&#8220;0&#8243; gradient_direction=&#8220;left_to_right&#8220; overlay_strength=&#8220;0.3&#8243; width=&#8220;1\/1&#8243; tablet_width_inherit=&#8220;default&#8220; animation_type=&#8220;default&#8220; bg_image_animation=&#8220;none&#8220; border_type=&#8220;simple&#8220; column_border_width=&#8220;none&#8220; column_border_style=&#8220;solid&#8220; gradient_type=&#8220;default&#8220; column_padding_type=&#8220;advanced&#8220;][vc_column_text css=&#8220;&#8220; text_direction=&#8220;default&#8220;]<strong>1. IDENTIT\u00c4T DES VERK\u00c4UFERS<\/strong><\/p>\n<p>Theiner Marie Therese \u2013 Via Theodor Christomannos 32, 39012 Meran (BZ) \u2013 Italien, USt-IdNr. IT02861210215 (nachfolgend der \u201eVerk\u00e4ufer\u201c)<\/p>\n<p><strong>2. GEGENSTAND<\/strong><\/p>\n<p>Diese Bedingungen regeln den Fernabsatz \u00fcber die E-Commerce-Website www.backificio.com<br \/>\n(die \u201eWebsite\u201c) von Backwaren und anderen Lebensmitteln (\u201eProdukte\u201c) an Verbraucher (\u201eKunde\u201c).<\/p>\n<p><strong>3. VERTRAGSSCHLUSS<\/strong><\/p>\n<p>Der Vertrag kommt zustande, sobald der Kunde die vom Verk\u00e4ufer versandte Bestellbest\u00e4tigungs-E-Mail erh\u00e4lt. Mit Abgabe der Bestellung erkl\u00e4rt der Kunde, diese Allgemeinen Gesch\u00e4ftsbedingungen gelesen und akzeptiert zu haben.<\/p>\n<p><strong>4. PREISE UND ZAHLUNG<\/strong><\/p>\n<p>Alle Preise sind in Euro angegeben und verstehen sich inklusive MwSt. Die Zahlung erfolgt im Voraus und ist per Kreditkarte m\u00f6glich. Etwaige Versand- oder Bearbeitungskosten werden vor Bestellbest\u00e4tigung angezeigt.<\/p>\n<p><strong>5. ABHOLUNG UND VERSAND<\/strong><\/p>\n<p>5.1 Abholung \u2013 Die Produkte k\u00f6nnen vom Kunden kostenlos an den auf der Website angegebenen Abholstellen abgeholt werden. Bei Abholung ist die Bestellbest\u00e4tigung vorzulegen.<\/p>\n<p>5.2 Versand \u2013 Nur nicht verderbliche Artikel, die als \u201eVersand verf\u00fcgbar\u201c gekennzeichnet sind, k\u00f6nnen per Kurier an die vom Kunden in Italien angegebene Adresse versendet werden. Voraussichtliche Lieferzeit: 2\u20135 Werktage ab Versandbest\u00e4tigungs-E-Mail.<\/p>\n<p>5.3 Der Verk\u00e4ufer haftet nicht f\u00fcr Verz\u00f6gerungen, die auf h\u00f6here Gewalt zur\u00fcckzuf\u00fchren sind, oder f\u00fcr Lieferverz\u00f6gerungen infolge falscher\/unvollst\u00e4ndiger Zustellangaben des Kunden.<\/p>\n<p><strong>6. PRODUKTVERF\u00dcGBARKEIT<\/strong><\/p>\n<p>Bestellungen werden im Rahmen der Verf\u00fcgbarkeit ausgef\u00fchrt. Ist ein Produkt nicht lieferbar, erstattet der Verk\u00e4ufer den entsprechenden Betrag oder nimmt \u2013 nach vorheriger Absprache \u2013 einen Austausch vor.<\/p>\n<p><strong>7. WIDERRUFSRECHT<\/strong><\/p>\n<p>Gem\u00e4\u00df Art. 59 Buchst. d) und e) des Gesetzesdekrets Nr. 206\/2005 (Verbrauchergesetzbuch) ist der Widerruf f\u00fcr verderbliche Lebensmittel ausgeschlossen. F\u00fcr andere Artikel kann der Kunde innerhalb von 14 Tagen ab Erhalt widerrufen, indem er seine Entscheidung per E-Mail mitteilt und die Ware unversehrt auf eigene Kosten zur\u00fccksendet; die Erstattung erfolgt innerhalb von 14 Tagen nach Eingang der R\u00fccksendung.<\/p>\n<p><strong>8. GEW\u00c4HRLEISTUNG UND BESCHWERDEN<\/strong><\/p>\n<p>Die Produkte entsprechen den geltenden lebensmittelrechtlichen Vorschriften. Etwaige Beschwerden sind an info@backificio.com zu richten, unter Angabe der Bestellnummer und einer Problembeschreibung; der Verk\u00e4ufer antwortet innerhalb von 48 Stunden an Werktagen.<\/p>\n<p><strong>9. HAFTUNG<\/strong><\/p>\n<p>Jegliche Haftung des Verk\u00e4ufers f\u00fcr indirekte Sch\u00e4den, entgangenen Gewinn oder F\u00e4lle h\u00f6herer Gewalt ist ausgeschlossen. Die Haftung f\u00fcr Vorsatz oder grobe Fahrl\u00e4ssigkeit bleibt unber\u00fchrt.<\/p>\n<p><strong>10. DATENSCHUTZ<\/strong><\/p>\n<p>Die Verarbeitung personenbezogener Daten erfolgt gem\u00e4\u00df der auf der Website ver\u00f6ffentlichten Datenschutzerkl\u00e4rung, die der Kunde zur Kenntnis genommen hat.<\/p>\n<p><strong>11. ANWENDBARES RECHT UND GERICHTSSTAND<\/strong><\/p>\n<p>Der Vertrag unterliegt italienischem Recht. F\u00fcr Streitigkeiten mit Verbrauchern ist das Gericht am Wohnsitz des Verbrauchers zust\u00e4ndig; in allen anderen F\u00e4llen ist ausschlie\u00dflich das Gericht Bozen zust\u00e4ndig.<\/p>\n<p><strong>AUSDR\u00dcCKLICHE ANNAHME<\/strong><\/p>\n<p>Gem\u00e4\u00df Art. 1341 und 1342 des italienischen Zivilgesetzbuches erkl\u00e4rt der Kunde, die folgenden Klauseln ausdr\u00fccklich anzuerkennen und zu akzeptieren: 3 (Vertragsschluss), 5 (Abholung und Versand), 7 (Widerrufsrecht), 9 (Haftung), 11 (Gerichtsstand).[\/vc_column_text][\/vc_column][\/vc_row]\n","protected":false},"excerpt":{"rendered":"<p>[vc_row type=&#8220;full_width_background&#8220; full_screen_row_position=&#8220;middle&#8220; column_margin=&#8220;default&#8220; column_direction=&#8220;default&#8220; column_direction_tablet=&#8220;default&#8220; column_direction_phone=&#8220;default&#8220; bg_image=&#8220;264&#8243; bg_position=&#8220;center center&#8220; background_image_loading=&#8220;skip-lazy-load&#8220; bg_repeat=&#8220;no-repeat&#8220; full_height=&#8220;yes&#8220; columns_placement=&#8220;bottom&#8220; scene_position=&#8220;center&#8220; text_color=&#8220;light&#8220; text_align=&#8220;left&#8220; row_border_radius=&#8220;none&#8220; row_border_radius_applies=&#8220;bg&#8220; overflow=&#8220;visible&#8220; advanced_gradient=&#8220;linear-gradient(0deg, rgb(0,0,0) 0%, rgba(0,0,0,252) 0%, rgba(0,0,0,0) 43%)&#8220; shape_divider_position=&#8220;bottom&#8220; bg_image_animation=&#8220;zoom-out&#8220; mobile_disable_bg_image_animation=&#8220;true&#8220;&#8230;<\/p>\n","protected":false},"author":2,"featured_media":0,"parent":0,"menu_order":0,"comment_status":"closed","ping_status":"closed","template":"","meta":{"_acf_changed":false,"inline_featured_image":false,"footnotes":""},"class_list":["post-685","page","type-page","status-publish"],"acf":[],"_links":{"self":[{"href":"https:\/\/backificio.com\/de\/wp-json\/wp\/v2\/pages\/685","targetHints":{"allow":["GET"]}}],"collection":[{"href":"https:\/\/backificio.com\/de\/wp-json\/wp\/v2\/pages"}],"about":[{"href":"https:\/\/backificio.com\/de\/wp-json\/wp\/v2\/types\/page"}],"author":[{"embeddable":true,"href":"https:\/\/backificio.com\/de\/wp-json\/wp\/v2\/users\/2"}],"replies":[{"embeddable":true,"href":"https:\/\/backificio.com\/de\/wp-json\/wp\/v2\/comments?post=685"}],"version-history":[{"count":0,"href":"https:\/\/backificio.com\/de\/wp-json\/wp\/v2\/pages\/685\/revisions"}],"wp:attachment":[{"href":"https:\/\/backificio.com\/de\/wp-json\/wp\/v2\/media?parent=685"}],"curies":[{"name":"wp","href":"https:\/\/api.w.org\/{rel}","templated":true}]}}